{"id":1009,"date":"2014-09-23T12:30:29","date_gmt":"2014-09-23T12:30:29","guid":{"rendered":"http:\/\/www.marieban.com\/contacts-2\/"},"modified":"2020-05-11T15:59:51","modified_gmt":"2020-05-11T15:59:51","slug":"contact","status":"publish","type":"page","link":"https:\/\/www.marieban.com\/es\/contact\/","title":{"rendered":"Contacto"},"content":{"rendered":"<p>Marie Ban<br \/>\nban.marie@gmail.com<br \/>\ntel.: +420 734 719 105<\/p>\n<p><span style=\"font-family: Arial, sans-serif;\">Espero que os gustado la visita de esta p\u00e1gina. Si est\u00e1is interesados en usar reproducciones, comprar cuadros o exponerlos, no duden en contactarme. Hago tambi\u00e9n las pinturas por encargo, retratos y puedo ayudar con illustraciones o dise\u00f1o gr\u00e1fico.<\/span><\/p>\n","protected":false},"excerpt":{"rendered":"<p>Marie Ban ban.marie@gmail.com tel.: +420 734 719 105 Espero que os gustado la visita de esta p\u00e1gina. Si est\u00e1is interesados en usar reproducciones, comprar cuadros o exponerlos, no duden en contactarme. Hago tambi\u00e9n las pinturas por encargo, retratos y puedo ayudar con illustraciones o dise\u00f1o gr\u00e1fico.<\/p>\n","protected":false},"author":1,"featured_media":0,"parent":0,"menu_order":0,"comment_status":"open","ping_status":"open","template":"","meta":[],"acf":[],"yoast_head":"<!-- This site is optimized with the Yoast SEO plugin v18.4.1 - https:\/\/yoast.com\/wordpress\/plugins\/seo\/ -->\n<title>Contacto - Marie Ban<\/title>\n<meta name=\"description\" content=\"Como conectar con Marie Ban.\" \/>\n<meta name=\"robots\" content=\"index, follow, max-snippet:-1, max-image-preview:large, max-video-preview:-1\" \/>\n<link rel=\"canonical\" href=\"https:\/\/www.marieban.com\/es\/contact\/\" \/>\n<meta property=\"og:locale\" content=\"es_ES\" \/>\n<meta property=\"og:type\" content=\"article\" \/>\n<meta property=\"og:title\" content=\"Contacto - Marie Ban\" \/>\n<meta property=\"og:description\" content=\"Como conectar con Marie Ban.\" \/>\n<meta property=\"og:url\" content=\"https:\/\/www.marieban.com\/es\/contact\/\" \/>\n<meta property=\"og:site_name\" content=\"Marie Ban\" \/>\n<meta property=\"article:modified_time\" content=\"2020-05-11T15:59:51+00:00\" \/>\n<meta name=\"twitter:card\" content=\"summary\" \/>\n<script type=\"application\/ld+json\" class=\"yoast-schema-graph\">{\"@context\":\"https:\/\/schema.org\",\"@graph\":[{\"@type\":[\"Person\",\"Organization\"],\"@id\":\"https:\/\/www.marieban.com\/#\/schema\/person\/8e293d3bddd70c0ec4de75b394496785\",\"name\":\"marieban\",\"image\":{\"@type\":\"ImageObject\",\"@id\":\"https:\/\/www.marieban.com\/#personlogo\",\"inLanguage\":\"es\",\"url\":\"https:\/\/secure.gravatar.com\/avatar\/3f7f8a04eb76b83ddf441b64c1d67707?s=96&d=mm&r=g\",\"contentUrl\":\"https:\/\/secure.gravatar.com\/avatar\/3f7f8a04eb76b83ddf441b64c1d67707?s=96&d=mm&r=g\",\"caption\":\"marieban\"},\"logo\":{\"@id\":\"https:\/\/www.marieban.com\/#personlogo\"},\"sameAs\":[\"https:\/\/www.facebook.com\/mariebanmarie\"]},{\"@type\":\"WebSite\",\"@id\":\"https:\/\/www.marieban.com\/#website\",\"url\":\"https:\/\/www.marieban.com\/\",\"name\":\"Marie Ban\",\"description\":\"Oil Paintings\",\"publisher\":{\"@id\":\"https:\/\/www.marieban.com\/#\/schema\/person\/8e293d3bddd70c0ec4de75b394496785\"},\"potentialAction\":[{\"@type\":\"SearchAction\",\"target\":{\"@type\":\"EntryPoint\",\"urlTemplate\":\"https:\/\/www.marieban.com\/?s={search_term_string}\"},\"query-input\":\"required name=search_term_string\"}],\"inLanguage\":\"es\"},{\"@type\":\"WebPage\",\"@id\":\"https:\/\/www.marieban.com\/es\/contact\/#webpage\",\"url\":\"https:\/\/www.marieban.com\/es\/contact\/\",\"name\":\"Contacto - Marie Ban\",\"isPartOf\":{\"@id\":\"https:\/\/www.marieban.com\/#website\"},\"datePublished\":\"2014-09-23T12:30:29+00:00\",\"dateModified\":\"2020-05-11T15:59:51+00:00\",\"description\":\"Como conectar con Marie Ban.\",\"breadcrumb\":{\"@id\":\"https:\/\/www.marieban.com\/es\/contact\/#breadcrumb\"},\"inLanguage\":\"es\",\"potentialAction\":[{\"@type\":\"ReadAction\",\"target\":[\"https:\/\/www.marieban.com\/es\/contact\/\"]}]},{\"@type\":\"BreadcrumbList\",\"@id\":\"https:\/\/www.marieban.com\/es\/contact\/#breadcrumb\",\"itemListElement\":[{\"@type\":\"ListItem\",\"position\":1,\"name\":\"Home\",\"item\":\"https:\/\/www.marieban.com\/\"},{\"@type\":\"ListItem\",\"position\":2,\"name\":\"Contacto\"}]}]}<\/script>\n<!-- \/ Yoast SEO plugin. -->","yoast_head_json":{"title":"Contacto - Marie Ban","description":"Como conectar con Marie Ban.","robots":{"index":"index","follow":"follow","max-snippet":"max-snippet:-1","max-image-preview":"max-image-preview:large","max-video-preview":"max-video-preview:-1"},"canonical":"https:\/\/www.marieban.com\/es\/contact\/","og_locale":"es_ES","og_type":"article","og_title":"Contacto - Marie Ban","og_description":"Como conectar con Marie Ban.","og_url":"https:\/\/www.marieban.com\/es\/contact\/","og_site_name":"Marie Ban","article_modified_time":"2020-05-11T15:59:51+00:00","twitter_card":"summary","schema":{"@context":"https:\/\/schema.org","@graph":[{"@type":["Person","Organization"],"@id":"https:\/\/www.marieban.com\/#\/schema\/person\/8e293d3bddd70c0ec4de75b394496785","name":"marieban","image":{"@type":"ImageObject","@id":"https:\/\/www.marieban.com\/#personlogo","inLanguage":"es","url":"https:\/\/secure.gravatar.com\/avatar\/3f7f8a04eb76b83ddf441b64c1d67707?s=96&d=mm&r=g","contentUrl":"https:\/\/secure.gravatar.com\/avatar\/3f7f8a04eb76b83ddf441b64c1d67707?s=96&d=mm&r=g","caption":"marieban"},"logo":{"@id":"https:\/\/www.marieban.com\/#personlogo"},"sameAs":["https:\/\/www.facebook.com\/mariebanmarie"]},{"@type":"WebSite","@id":"https:\/\/www.marieban.com\/#website","url":"https:\/\/www.marieban.com\/","name":"Marie Ban","description":"Oil Paintings","publisher":{"@id":"https:\/\/www.marieban.com\/#\/schema\/person\/8e293d3bddd70c0ec4de75b394496785"},"potentialAction":[{"@type":"SearchAction","target":{"@type":"EntryPoint","urlTemplate":"https:\/\/www.marieban.com\/?s={search_term_string}"},"query-input":"required name=search_term_string"}],"inLanguage":"es"},{"@type":"WebPage","@id":"https:\/\/www.marieban.com\/es\/contact\/#webpage","url":"https:\/\/www.marieban.com\/es\/contact\/","name":"Contacto - Marie Ban","isPartOf":{"@id":"https:\/\/www.marieban.com\/#website"},"datePublished":"2014-09-23T12:30:29+00:00","dateModified":"2020-05-11T15:59:51+00:00","description":"Como conectar con Marie Ban.","breadcrumb":{"@id":"https:\/\/www.marieban.com\/es\/contact\/#breadcrumb"},"inLanguage":"es","potentialAction":[{"@type":"ReadAction","target":["https:\/\/www.marieban.com\/es\/contact\/"]}]},{"@type":"BreadcrumbList","@id":"https:\/\/www.marieban.com\/es\/contact\/#breadcrumb","itemListElement":[{"@type":"ListItem","position":1,"name":"Home","item":"https:\/\/www.marieban.com\/"},{"@type":"ListItem","position":2,"name":"Contacto"}]}]}},"_links":{"self":[{"href":"https:\/\/www.marieban.com\/es\/wp-json\/wp\/v2\/pages\/1009"}],"collection":[{"href":"https:\/\/www.marieban.com\/es\/wp-json\/wp\/v2\/pages"}],"about":[{"href":"https:\/\/www.marieban.com\/es\/wp-json\/wp\/v2\/types\/page"}],"author":[{"embeddable":true,"href":"https:\/\/www.marieban.com\/es\/wp-json\/wp\/v2\/users\/1"}],"replies":[{"embeddable":true,"href":"https:\/\/www.marieban.com\/es\/wp-json\/wp\/v2\/comments?post=1009"}],"version-history":[{"count":15,"href":"https:\/\/www.marieban.com\/es\/wp-json\/wp\/v2\/pages\/1009\/revisions"}],"predecessor-version":[{"id":2258,"href":"https:\/\/www.marieban.com\/es\/wp-json\/wp\/v2\/pages\/1009\/revisions\/2258"}],"wp:attachment":[{"href":"https:\/\/www.marieban.com\/es\/wp-json\/wp\/v2\/media?parent=1009"}],"curies":[{"name":"wp","href":"https:\/\/api.w.org\/{rel}","templated":true}]}}